{"id":12,"date":"2025-05-12T17:31:04","date_gmt":"2025-05-12T17:31:04","guid":{"rendered":"https:\/\/molicie.co\/?page_id=12"},"modified":"2025-05-13T02:57:02","modified_gmt":"2025-05-13T02:57:02","slug":"reembolso_devoluciones","status":"publish","type":"page","link":"https:\/\/molicie.co\/en\/reembolso_devoluciones\/","title":{"rendered":"Returns &amp; Refunds Policy"},"content":{"rendered":"<div data-elementor-type=\"wp-page\" data-elementor-id=\"12\" class=\"elementor elementor-12\" data-elementor-post-type=\"page\">\n\t\t\t\t<div data-particle_enable=\"false\" data-particle-mobile-disabled=\"false\" class=\"wd-negative-gap elementor-element elementor-element-56bbd69b e-flex e-con-boxed e-con e-parent\" data-id=\"56bbd69b\" data-element_type=\"container\">\n\t\t\t\t\t<div class=\"e-con-inner\">\n\t\t\t\t<div class=\"elementor-element elementor-element-48ab7afb color-scheme-inherit text-left elementor-widget elementor-widget-text-editor\" data-id=\"48ab7afb\" data-element_type=\"widget\" data-widget_type=\"text-editor.default\">\n\t\t\t\t<div class=\"elementor-widget-container\"><h2 class=\"\" data-start=\"610\" data-end=\"648\">\ud83d\udcc4 Privacy Policy \u2013 MOLICI\u00c9<\/h2>\n<p class=\"\" data-start=\"685\" data-end=\"935\">At MOLICI\u00c9, we take your privacy very seriously. This Privacy Policy outlines how we collect, use, and protect your personal information when you visit our website. <a class=\"\" href=\"https:\/\/molicie.co\/en\/\" target=\"_new\" rel=\"noopener\" data-start=\"868\" data-end=\"934\">https:\/\/molicie.co<\/a>.<\/p>\n<hr class=\"\" data-start=\"937\" data-end=\"940\" \/>\n<h3 class=\"\" data-start=\"942\" data-end=\"980\">1. <strong data-start=\"949\" data-end=\"980\">Information We Collect<\/strong><\/h3>\n<p class=\"\" data-start=\"982\" data-end=\"1062\">We may collect the following information when you interact with our website:<\/p>\n<ul data-start=\"1064\" data-end=\"1446\">\n<li class=\"\" data-start=\"1064\" data-end=\"1189\">\n<p class=\"\" data-start=\"1066\" data-end=\"1189\">Personal data such as name, email, address, and phone number when you make a purchase or register.<\/p>\n<\/li>\n<li class=\"\" data-start=\"1190\" data-end=\"1283\">\n<p class=\"\" data-start=\"1192\" data-end=\"1283\">Payment information when processing transactions, through secure third-party platforms.<\/p>\n<\/li>\n<li class=\"\" data-start=\"1284\" data-end=\"1446\">\n<p class=\"\" data-start=\"1286\" data-end=\"1446\">Technical data such as your IP address, browser type, device, pages visited, and browsing duration (through cookies and analytics tools).<\/p>\n<\/li>\n<\/ul>\n<hr class=\"\" data-start=\"1448\" data-end=\"1451\" \/>\n<h3 class=\"\" data-start=\"1453\" data-end=\"1490\">2. <strong data-start=\"1460\" data-end=\"1490\">How We Use Your Information<\/strong><\/h3>\n<p class=\"\" data-start=\"1492\" data-end=\"1519\">We use your information to:<\/p>\n<ul data-start=\"1521\" data-end=\"1768\">\n<li class=\"\" data-start=\"1521\" data-end=\"1553\">\n<p class=\"\" data-start=\"1523\" data-end=\"1553\">Process and ship your orders.<\/p>\n<\/li>\n<li class=\"\" data-start=\"1554\" data-end=\"1640\">\n<p class=\"\" data-start=\"1556\" data-end=\"1640\">Communicate with you about your purchase, promotions, or updates (if you opt in).<\/p>\n<\/li>\n<li class=\"\" data-start=\"1641\" data-end=\"1719\">\n<p class=\"\" data-start=\"1643\" data-end=\"1719\">Improve the website experience and understand user behavior.<\/p>\n<\/li>\n<li class=\"\" data-start=\"1720\" data-end=\"1768\">\n<p class=\"\" data-start=\"1722\" data-end=\"1768\">Comply with legal and security requirements.<\/p>\n<\/li>\n<\/ul>\n<hr class=\"\" data-start=\"1770\" data-end=\"1773\" \/>\n<h3 class=\"\" data-start=\"1775\" data-end=\"1817\">3. <strong data-start=\"1782\" data-end=\"1817\">Cookies and Similar Technologies<\/strong><\/h3>\n<p class=\"\" data-start=\"1819\" data-end=\"1962\">Our website may use cookies and other technologies to personalize your experience, remember your preferences, and analyze web traffic.<\/p>\n<p class=\"\" data-start=\"1964\" data-end=\"2092\">You can set your browser to refuse some or all cookies, though this may affect the site\u2019s functionality.<\/p>\n<hr class=\"\" data-start=\"2094\" data-end=\"2097\" \/>\n<h3 class=\"\" data-start=\"2099\" data-end=\"2154\">4. <strong data-start=\"2106\" data-end=\"2154\">Third Parties We Share Information With<\/strong><\/h3>\n<p class=\"\" data-start=\"2156\" data-end=\"2193\">We may share your information with:<\/p>\n<ul data-start=\"2195\" data-end=\"2457\">\n<li class=\"\" data-start=\"2195\" data-end=\"2299\">\n<p class=\"\" data-start=\"2197\" data-end=\"2299\"><strong data-start=\"2197\" data-end=\"2218\">Payment gateways<\/strong> secure platforms to process transactions (e.g., Stripe, Mercado Pago, PayPal).<\/p>\n<\/li>\n<li class=\"\" data-start=\"2300\" data-end=\"2389\">\n<p class=\"\" data-start=\"2302\" data-end=\"2389\"><strong data-start=\"2302\" data-end=\"2327\">Analytics services<\/strong> such as Google Analytics, to improve site performance.<\/p>\n<\/li>\n<li class=\"\" data-start=\"2390\" data-end=\"2457\">\n<p class=\"\" data-start=\"2392\" data-end=\"2457\"><strong data-start=\"2392\" data-end=\"2416\">Shipping platforms<\/strong> and logistics to deliver your order.<\/p>\n<\/li>\n<\/ul>\n<p class=\"\" data-start=\"2459\" data-end=\"2509\">We never sell your personal information to third parties.<\/p>\n<hr class=\"\" data-start=\"2511\" data-end=\"2514\" \/>\n<h3 class=\"\" data-start=\"2516\" data-end=\"2554\">5. <strong data-start=\"2523\" data-end=\"2554\">Information Security<\/strong><\/h3>\n<p class=\"\" data-start=\"2556\" data-end=\"2761\">We implement physical, electronic, and administrative security measures to protect your personal data. We use encrypted connections (SSL) and partner with providers that comply with international standards.<\/p>\n<hr class=\"\" data-start=\"2763\" data-end=\"2766\" \/>\n<h3 class=\"\" data-start=\"2768\" data-end=\"2804\">6. <strong data-start=\"2775\" data-end=\"2804\">Your Rights as a User<\/strong><\/h3>\n<p class=\"\" data-start=\"2806\" data-end=\"2823\">You have the right to:<\/p>\n<ul data-start=\"2825\" data-end=\"2998\">\n<li class=\"\" data-start=\"2825\" data-end=\"2880\">\n<p class=\"\" data-start=\"2827\" data-end=\"2880\">Access, correct, or delete your personal information.<\/p>\n<\/li>\n<li class=\"\" data-start=\"2881\" data-end=\"2934\">\n<p class=\"\" data-start=\"2883\" data-end=\"2934\">Withdraw your consent for the use of your data.<\/p>\n<\/li>\n<li class=\"\" data-start=\"2935\" data-end=\"2998\">\n<p class=\"\" data-start=\"2937\" data-end=\"2998\">Request that we stop sending you marketing communications.<\/p>\n<\/li>\n<\/ul>\n<p class=\"\" data-start=\"3000\" data-end=\"3084\">You can exercise these rights by writing to us at: <strong>support@molicie.com<\/strong><\/p>\n<hr class=\"\" data-start=\"3086\" data-end=\"3089\" \/>\n<h3 class=\"\" data-start=\"3091\" data-end=\"3123\">7. <strong data-start=\"3098\" data-end=\"3123\">Children\u2019s Privacy<\/strong><\/h3>\n<p class=\"\" data-start=\"3125\" data-end=\"3323\">Our website is not intended for individuals under the age of 18. We do not knowingly collect personal information from minors. If you believe we have collected data from a minor, please contact us so we can delete it.<\/p>\n<hr class=\"\" data-start=\"3325\" data-end=\"3328\" \/>\n<h3 class=\"\" data-start=\"3330\" data-end=\"3364\">8. <strong data-start=\"3337\" data-end=\"3364\">Changes to This Policy<\/strong><\/h3>\n<p class=\"\" data-start=\"3366\" data-end=\"3513\">We may update this Privacy Policy from time to time. We will post the date of the latest update at the top of the document.<\/p>\n<hr class=\"\" data-start=\"3515\" data-end=\"3518\" \/>\n<h3 class=\"\" data-start=\"3520\" data-end=\"3539\">9. <strong data-start=\"3527\" data-end=\"3539\">Contact<\/strong><\/h3>\n<p class=\"\" data-start=\"3541\" data-end=\"3617\">If you have questions about this Privacy Policy, you can write to us at:<\/p>\n<p class=\"\" data-start=\"3619\" data-end=\"3738\">\ud83d\udce7 support@molicie.com<br data-start=\"3660\" data-end=\"3663\" \/>\ud83c\udf10 <strong data-start=\"3666\" data-end=\"3736\"><a class=\"\" href=\"https:\/\/molicie.co\/en\/\" target=\"_new\" rel=\"noopener\" data-start=\"3668\" data-end=\"3734\">https:\/\/molicie.co<\/a><\/strong><\/p><\/div>\n\t\t\t\t<\/div>\n\t\t\t\t\t<\/div>\n\t\t\t\t<\/div>\t\t<\/div>","protected":false},"excerpt":{"rendered":"<p>\ud83d\udcc4 Pol\u00edtica de Privacidad \u2013 MOLICI\u00c9 En MOLICI\u00c9 nos tomamos muy en serio tu privacidad. Esta Pol\u00edtica de Privacidad describe<\/p>","protected":false},"author":1,"featured_media":0,"parent":0,"menu_order":0,"comment_status":"closed","ping_status":"closed","template":"","meta":{"_joinchat":[],"footnotes":""},"class_list":["post-12","page","type-page","status-publish","hentry"],"_links":{"self":[{"href":"https:\/\/molicie.co\/en\/wp-json\/wp\/v2\/pages\/12","targetHints":{"allow":["GET"]}}],"collection":[{"href":"https:\/\/molicie.co\/en\/wp-json\/wp\/v2\/pages"}],"about":[{"href":"https:\/\/molicie.co\/en\/wp-json\/wp\/v2\/types\/page"}],"author":[{"embeddable":true,"href":"https:\/\/molicie.co\/en\/wp-json\/wp\/v2\/users\/1"}],"replies":[{"embeddable":true,"href":"https:\/\/molicie.co\/en\/wp-json\/wp\/v2\/comments?post=12"}],"version-history":[{"count":4,"href":"https:\/\/molicie.co\/en\/wp-json\/wp\/v2\/pages\/12\/revisions"}],"predecessor-version":[{"id":27249,"href":"https:\/\/molicie.co\/en\/wp-json\/wp\/v2\/pages\/12\/revisions\/27249"}],"wp:attachment":[{"href":"https:\/\/molicie.co\/en\/wp-json\/wp\/v2\/media?parent=12"}],"curies":[{"name":"wp","href":"https:\/\/api.w.org\/{rel}","templated":true}]}}