{"id":27095,"date":"2025-05-12T21:08:08","date_gmt":"2025-05-12T21:08:08","guid":{"rendered":"https:\/\/molicie.co\/producto\/cojin-de-asiento\/"},"modified":"2026-02-11T15:49:52","modified_gmt":"2026-02-11T20:49:52","slug":"soporte-coxis-y-cadera","status":"publish","type":"product","link":"https:\/\/molicie.co\/en\/product\/soporte-coxis-y-cadera\/","title":{"rendered":"SOPORTE COXIS Y CADERA"},"content":{"rendered":"","protected":false},"excerpt":{"rendered":"<div class=\"page\" title=\"Page 17\">\n<div class=\"section\">\n<div class=\"layoutArea\">\n<div class=\"column\">\n<ul>\n<li><span data-sheets-root=\"1\"><span data-sheets-root=\"1\">Soporte Coxis y Cadera \u2013 Coj\u00edn Memory<\/span><\/span>Este coj\u00edn memory foam est\u00e1 dise\u00f1ado para brindar alivio en la zona del coxis y una mejor alineaci\u00f3n de la cadera, ideal para quienes pasan largos periodos sentados.Su dise\u00f1o ergon\u00f3mico en forma de U ayuda a reducir la presi\u00f3n directa sobre el coxis y favorece una postura m\u00e1s c\u00f3moda al sentarse. Est\u00e1 fabricado con espuma viscoel\u00e1stica que distribuye el peso de manera uniforme, contribuyendo a disminuir la tensi\u00f3n y la incomodidad en la parte baja de la espalda y las caderas.Cuenta con una funda removible y lavable, elaborada en tela transpirable, pensada para mantener el coj\u00edn fresco, limpio y c\u00f3modo durante el uso diario. Su base antideslizante ayuda a mantenerlo firme sobre la superficie.Beneficios principales<br \/>\n\u2022 Alivio de presi\u00f3n en coxis y cadera<br \/>\n\u2022 Dise\u00f1o ergon\u00f3mico en forma de U<br \/>\n\u2022 Espuma viscoel\u00e1stica que distribuye el peso<br \/>\n\u2022 Mejora la comodidad al estar sentado<br \/>\n\u2022 Funda removible, lavable y transpirable<br \/>\n\u2022 Base antideslizante para mayor estabilidad\ud83d\udcd0 Medidas: 43 \u00d7 34 \u00d7 7 cm<br \/>\n\ud83d\udc8e Categor\u00eda: Medical<br \/>\nEste coj\u00edn para coxis y cadera es una opci\u00f3n pr\u00e1ctica para oficina, autom\u00f3vil o uso en casa.<\/li>\n<\/ul>\n<\/div>\n<\/div>\n<\/div>\n<\/div>\n<div id=\"simple-translate\" class=\"simple-translate-system-theme\">\n<div>\n<div class=\"simple-translate-button isShow\" style=\"background-image: url('chrome-extension:\/\/cllnohpbfenopiakdcjmjcbaeapmkcdl\/icons\/512.png'); height: 22px; width: 22px; top: 167px; left: 368px;\"><\/div>\n<div class=\"simple-translate-panel\" style=\"width: 300px; height: 200px; top: 0px; left: 0px; font-size: 13px;\">\n<div class=\"simple-translate-result-wrapper\" style=\"overflow: hidden;\">\n<div class=\"simple-translate-move\" draggable=\"true\"><\/div>\n<div class=\"simple-translate-result-contents\">\n<p class=\"simple-translate-candidate\" dir=\"auto\">\n<\/div>\n<\/div>\n<\/div>\n<\/div>\n<\/div>","protected":false},"featured_media":28050,"template":"","meta":{"_joinchat":[]},"product_brand":[],"product_cat":[46],"product_tag":[],"class_list":{"0":"post-27095","1":"product","2":"type-product","3":"status-publish","4":"has-post-thumbnail","6":"product_cat-cojines","8":"first","9":"instock","10":"shipping-taxable","11":"purchasable","12":"product-type-simple"},"_links":{"self":[{"href":"https:\/\/molicie.co\/en\/wp-json\/wp\/v2\/product\/27095","targetHints":{"allow":["GET"]}}],"collection":[{"href":"https:\/\/molicie.co\/en\/wp-json\/wp\/v2\/product"}],"about":[{"href":"https:\/\/molicie.co\/en\/wp-json\/wp\/v2\/types\/product"}],"version-history":[{"count":11,"href":"https:\/\/molicie.co\/en\/wp-json\/wp\/v2\/product\/27095\/revisions"}],"predecessor-version":[{"id":28053,"href":"https:\/\/molicie.co\/en\/wp-json\/wp\/v2\/product\/27095\/revisions\/28053"}],"wp:featuredmedia":[{"embeddable":true,"href":"https:\/\/molicie.co\/en\/wp-json\/wp\/v2\/media\/28050"}],"wp:attachment":[{"href":"https:\/\/molicie.co\/en\/wp-json\/wp\/v2\/media?parent=27095"}],"wp:term":[{"taxonomy":"product_brand","embeddable":true,"href":"https:\/\/molicie.co\/en\/wp-json\/wp\/v2\/product_brand?post=27095"},{"taxonomy":"product_cat","embeddable":true,"href":"https:\/\/molicie.co\/en\/wp-json\/wp\/v2\/product_cat?post=27095"},{"taxonomy":"product_tag","embeddable":true,"href":"https:\/\/molicie.co\/en\/wp-json\/wp\/v2\/product_tag?post=27095"}],"curies":[{"name":"wp","href":"https:\/\/api.w.org\/{rel}","templated":true}]}}