{"id":27096,"date":"2025-05-12T21:08:08","date_gmt":"2025-05-12T21:08:08","guid":{"rendered":"https:\/\/molicie.co\/producto\/cojin-de-respaldo\/"},"modified":"2026-02-11T15:50:06","modified_gmt":"2026-02-11T20:50:06","slug":"soporte-lumbar-baja-air-600","status":"publish","type":"product","link":"https:\/\/molicie.co\/en\/product\/soporte-lumbar-baja-air-600\/","title":{"rendered":"Soporte lumbar baja Air 600"},"content":{"rendered":"","protected":false},"excerpt":{"rendered":"<div class=\"page\" title=\"Page 18\">\n<div class=\"section\">\n<div class=\"layoutArea\">\n<div class=\"column\">\n<p><span data-sheets-root=\"1\">Soporte Lumbar Bajo \u2013 Coj\u00edn Antideslizante Memory<\/span><\/p>\n<p>Este coj\u00edn lumbar bajo est\u00e1 dise\u00f1ado para brindar soporte ergon\u00f3mico a la curva natural de la zona lumbar, ayudando a mejorar la postura y la comodidad al estar sentado por per\u00edodos prolongados.<\/p>\n<p>Fabricado con espuma viscoel\u00e1stica, se adapta al cuerpo y distribuye la presi\u00f3n de manera uniforme, lo que contribuye a reducir la tensi\u00f3n y el cansancio en la parte baja de la espalda. Su dise\u00f1o compacto lo hace ideal para sillas de oficina, autom\u00f3vil o uso en casa.<\/p>\n<p>Cuenta con una base antideslizante que ayuda a mantener el coj\u00edn en su lugar durante el uso, y una funda removible y lavable en tela transpirable para facilitar la higiene y el confort diario.<\/p>\n<p>Beneficios principales<br \/>\n\u2022 Soporte ergon\u00f3mico para la zona lumbar baja<br \/>\n\u2022 Espuma viscoel\u00e1stica que reduce la presi\u00f3n<br \/>\n\u2022 Ayuda a mantener una postura m\u00e1s c\u00f3moda<br \/>\n\u2022 Base antideslizante para mayor estabilidad<br \/>\n\u2022 Funda removible, lavable y transpirable<br \/>\n\u2022 Dise\u00f1o compacto y funcional<\/p>\n<p>\ud83d\udcd0 Medidas: 45 \u00d7 25.5 \u00d7 13 cm<br \/>\n\ud83d\udc8e Categor\u00eda: Medical<\/p>\n<p>Este coj\u00edn lumbar antideslizante es una soluci\u00f3n pr\u00e1ctica para mejorar la comodidad al sentarse, tanto en el trabajo como en el autom\u00f3vil.<\/p>\n<\/div>\n<\/div>\n<\/div>\n<\/div>\n<div id=\"simple-translate\" class=\"simple-translate-system-theme\">\n<div>\n<div class=\"simple-translate-button isShow\" style=\"background-image: url('chrome-extension:\/\/cllnohpbfenopiakdcjmjcbaeapmkcdl\/icons\/512.png'); height: 22px; width: 22px; top: 154px; left: 262px;\"><\/div>\n<div class=\"simple-translate-panel\" style=\"width: 300px; height: 200px; top: 0px; left: 0px; font-size: 13px;\">\n<div class=\"simple-translate-result-wrapper\" style=\"overflow: hidden;\">\n<div class=\"simple-translate-move\" draggable=\"true\"><\/div>\n<div class=\"simple-translate-result-contents\">\n<p class=\"simple-translate-candidate\" dir=\"auto\">\n<\/div>\n<\/div>\n<\/div>\n<\/div>\n<\/div>","protected":false},"featured_media":28051,"template":"","meta":{"_joinchat":[]},"product_brand":[],"product_cat":[46],"product_tag":[],"class_list":{"0":"post-27096","1":"product","2":"type-product","3":"status-publish","4":"has-post-thumbnail","6":"product_cat-cojines","8":"first","9":"instock","10":"shipping-taxable","11":"purchasable","12":"product-type-simple"},"_links":{"self":[{"href":"https:\/\/molicie.co\/en\/wp-json\/wp\/v2\/product\/27096","targetHints":{"allow":["GET"]}}],"collection":[{"href":"https:\/\/molicie.co\/en\/wp-json\/wp\/v2\/product"}],"about":[{"href":"https:\/\/molicie.co\/en\/wp-json\/wp\/v2\/types\/product"}],"version-history":[{"count":8,"href":"https:\/\/molicie.co\/en\/wp-json\/wp\/v2\/product\/27096\/revisions"}],"predecessor-version":[{"id":27865,"href":"https:\/\/molicie.co\/en\/wp-json\/wp\/v2\/product\/27096\/revisions\/27865"}],"wp:featuredmedia":[{"embeddable":true,"href":"https:\/\/molicie.co\/en\/wp-json\/wp\/v2\/media\/28051"}],"wp:attachment":[{"href":"https:\/\/molicie.co\/en\/wp-json\/wp\/v2\/media?parent=27096"}],"wp:term":[{"taxonomy":"product_brand","embeddable":true,"href":"https:\/\/molicie.co\/en\/wp-json\/wp\/v2\/product_brand?post=27096"},{"taxonomy":"product_cat","embeddable":true,"href":"https:\/\/molicie.co\/en\/wp-json\/wp\/v2\/product_cat?post=27096"},{"taxonomy":"product_tag","embeddable":true,"href":"https:\/\/molicie.co\/en\/wp-json\/wp\/v2\/product_tag?post=27096"}],"curies":[{"name":"wp","href":"https:\/\/api.w.org\/{rel}","templated":true}]}}