{"id":12,"date":"2025-05-12T17:31:04","date_gmt":"2025-05-12T17:31:04","guid":{"rendered":"https:\/\/molicie.co\/?page_id=12"},"modified":"2025-05-13T02:57:02","modified_gmt":"2025-05-13T02:57:02","slug":"reembolso_devoluciones","status":"publish","type":"page","link":"https:\/\/molicie.co\/fr\/reembolso_devoluciones\/","title":{"rendered":"Politique de retours et de remboursements"},"content":{"rendered":"<div data-elementor-type=\"wp-page\" data-elementor-id=\"12\" class=\"elementor elementor-12\" data-elementor-post-type=\"page\">\n\t\t\t\t<div data-particle_enable=\"false\" data-particle-mobile-disabled=\"false\" class=\"wd-negative-gap elementor-element elementor-element-56bbd69b e-flex e-con-boxed e-con e-parent\" data-id=\"56bbd69b\" data-element_type=\"container\">\n\t\t\t\t\t<div class=\"e-con-inner\">\n\t\t\t\t<div class=\"elementor-element elementor-element-48ab7afb color-scheme-inherit text-left elementor-widget elementor-widget-text-editor\" data-id=\"48ab7afb\" data-element_type=\"widget\" data-widget_type=\"text-editor.default\">\n\t\t\t\t<div class=\"elementor-widget-container\"><h2 class=\"\" data-start=\"610\" data-end=\"648\">\ud83d\udcc4 Politique de confidentialit\u00e9 \u2013 MOLICI\u00c9<\/h2>\n<p class=\"\" data-start=\"685\" data-end=\"935\">Chez MOLICI\u00c9, nous prenons votre vie priv\u00e9e tr\u00e8s au s\u00e9rieux. Cette Politique de confidentialit\u00e9 d\u00e9crit comment nous recueillons, utilisons et prot\u00e9geons vos informations personnelles lorsque vous visitez notre site web. <a class=\"\" href=\"https:\/\/molicie.co\/fr\/\" target=\"_new\" rel=\"noopener\" data-start=\"868\" data-end=\"934\">https:\/\/molicie.co<\/a>.<\/p>\n<hr class=\"\" data-start=\"937\" data-end=\"940\" \/>\n<h3 class=\"\" data-start=\"942\" data-end=\"980\">1. <strong data-start=\"949\" data-end=\"980\">Informations que nous recueillons<\/strong><\/h3>\n<p class=\"\" data-start=\"982\" data-end=\"1062\">Nous pouvons recueillir les informations suivantes lorsque vous interagissez avec notre site :<\/p>\n<ul data-start=\"1064\" data-end=\"1446\">\n<li class=\"\" data-start=\"1064\" data-end=\"1189\">\n<p class=\"\" data-start=\"1066\" data-end=\"1189\">Donn\u00e9es personnelles telles que le nom, l\u2019adresse e-mail, l\u2019adresse postale et le num\u00e9ro de t\u00e9l\u00e9phone lorsque vous effectuez un achat ou vous inscrivez.<\/p>\n<\/li>\n<li class=\"\" data-start=\"1190\" data-end=\"1283\">\n<p class=\"\" data-start=\"1192\" data-end=\"1283\">Informations de paiement lors du traitement des transactions, via des plateformes tierces s\u00e9curis\u00e9es.<\/p>\n<\/li>\n<li class=\"\" data-start=\"1284\" data-end=\"1446\">\n<p class=\"\" data-start=\"1286\" data-end=\"1446\">Donn\u00e9es techniques telles que votre adresse IP, le type de navigateur, l\u2019appareil utilis\u00e9, les pages visit\u00e9es et la dur\u00e9e de navigation (via des cookies et des outils d\u2019analyse).<\/p>\n<\/li>\n<\/ul>\n<hr class=\"\" data-start=\"1448\" data-end=\"1451\" \/>\n<h3 class=\"\" data-start=\"1453\" data-end=\"1490\">2. <strong data-start=\"1460\" data-end=\"1490\">Comment nous utilisons vos informations<\/strong><\/h3>\n<p class=\"\" data-start=\"1492\" data-end=\"1519\">Nous utilisons vos informations pour :<\/p>\n<ul data-start=\"1521\" data-end=\"1768\">\n<li class=\"\" data-start=\"1521\" data-end=\"1553\">\n<p class=\"\" data-start=\"1523\" data-end=\"1553\">Traiter et exp\u00e9dier vos commandes.<\/p>\n<\/li>\n<li class=\"\" data-start=\"1554\" data-end=\"1640\">\n<p class=\"\" data-start=\"1556\" data-end=\"1640\">Communiquer avec vous au sujet de votre achat, de promotions ou de nouveaut\u00e9s (si vous y avez consenti).<\/p>\n<\/li>\n<li class=\"\" data-start=\"1641\" data-end=\"1719\">\n<p class=\"\" data-start=\"1643\" data-end=\"1719\">Am\u00e9liorer l\u2019exp\u00e9rience sur le site et comprendre le comportement des utilisateurs.<\/p>\n<\/li>\n<li class=\"\" data-start=\"1720\" data-end=\"1768\">\n<p class=\"\" data-start=\"1722\" data-end=\"1768\">Respecter les exigences l\u00e9gales et de s\u00e9curit\u00e9.<\/p>\n<\/li>\n<\/ul>\n<hr class=\"\" data-start=\"1770\" data-end=\"1773\" \/>\n<h3 class=\"\" data-start=\"1775\" data-end=\"1817\">3. <strong data-start=\"1782\" data-end=\"1817\">Cookies et technologies similaires<\/strong><\/h3>\n<p class=\"\" data-start=\"1819\" data-end=\"1962\">Notre site peut utiliser des cookies et d\u2019autres technologies pour personnaliser votre exp\u00e9rience, m\u00e9moriser vos pr\u00e9f\u00e9rences et analyser le trafic web.<\/p>\n<p class=\"\" data-start=\"1964\" data-end=\"2092\">Vous pouvez configurer votre navigateur pour refuser certaines ou toutes les cookies, bien que cela puisse affecter la fonctionnalit\u00e9 du site.<\/p>\n<hr class=\"\" data-start=\"2094\" data-end=\"2097\" \/>\n<h3 class=\"\" data-start=\"2099\" data-end=\"2154\">4. <strong data-start=\"2106\" data-end=\"2154\">Tiers avec lesquels nous partageons des informations<\/strong><\/h3>\n<p class=\"\" data-start=\"2156\" data-end=\"2193\">Nous pouvons partager vos informations avec :<\/p>\n<ul data-start=\"2195\" data-end=\"2457\">\n<li class=\"\" data-start=\"2195\" data-end=\"2299\">\n<p class=\"\" data-start=\"2197\" data-end=\"2299\"><strong data-start=\"2197\" data-end=\"2218\">Pasarelas de pago<\/strong> seguras para procesar transacciones (por ejemplo, Stripe, Mercado Pago, PayPal).<\/p>\n<\/li>\n<li class=\"\" data-start=\"2300\" data-end=\"2389\">\n<p class=\"\" data-start=\"2302\" data-end=\"2389\"><strong data-start=\"2302\" data-end=\"2327\">Servicios de an\u00e1lisis<\/strong> como Google Analytics, para mejorar el rendimiento del sitio.<\/p>\n<\/li>\n<li class=\"\" data-start=\"2390\" data-end=\"2457\">\n<p class=\"\" data-start=\"2392\" data-end=\"2457\"><strong data-start=\"2392\" data-end=\"2416\">Plataformas de env\u00edo<\/strong> y log\u00edstica para hacer llegar tu pedido.<\/p>\n<\/li>\n<\/ul>\n<p class=\"\" data-start=\"2459\" data-end=\"2509\">Nunca vendemos tu informaci\u00f3n personal a terceros.<\/p>\n<hr class=\"\" data-start=\"2511\" data-end=\"2514\" \/>\n<h3 class=\"\" data-start=\"2516\" data-end=\"2554\">5. <strong data-start=\"2523\" data-end=\"2554\">Seguridad de la informaci\u00f3n<\/strong><\/h3>\n<p class=\"\" data-start=\"2556\" data-end=\"2761\">Nous mettons en \u0153uvre des mesures de s\u00e9curit\u00e9 physiques, \u00e9lectroniques et administratives pour prot\u00e9ger vos donn\u00e9es personnelles. Nous utilisons des connexions crypt\u00e9es (SSL) et faisons appel \u00e0 des prestataires conformes aux normes internationales.<\/p>\n<hr class=\"\" data-start=\"2763\" data-end=\"2766\" \/>\n<h3 class=\"\" data-start=\"2768\" data-end=\"2804\">6. <strong data-start=\"2775\" data-end=\"2804\">Vos droits en tant qu\u2019utilisateur<\/strong><\/h3>\n<p class=\"\" data-start=\"2806\" data-end=\"2823\">Vous avez le droit de :<\/p>\n<ul data-start=\"2825\" data-end=\"2998\">\n<li class=\"\" data-start=\"2825\" data-end=\"2880\">\n<p class=\"\" data-start=\"2827\" data-end=\"2880\">Acc\u00e9der \u00e0 vos informations personnelles, les corriger ou les supprimer.<\/p>\n<\/li>\n<li class=\"\" data-start=\"2881\" data-end=\"2934\">\n<p class=\"\" data-start=\"2883\" data-end=\"2934\">Retirer votre consentement \u00e0 l\u2019utilisation de vos donn\u00e9es.<\/p>\n<\/li>\n<li class=\"\" data-start=\"2935\" data-end=\"2998\">\n<p class=\"\" data-start=\"2937\" data-end=\"2998\">Solicitar que dejemos de enviarte comunicaciones comerciales.<\/p>\n<\/li>\n<\/ul>\n<p class=\"\" data-start=\"3000\" data-end=\"3084\">Vous pouvez exercer ces droits en nous \u00e9crivant \u00e0 : <strong>support@molicie.com<\/strong><\/p>\n<hr class=\"\" data-start=\"3086\" data-end=\"3089\" \/>\n<h3 class=\"\" data-start=\"3091\" data-end=\"3123\">7. <strong data-start=\"3098\" data-end=\"3123\">Confidentialit\u00e9 des mineurs<\/strong><\/h3>\n<p class=\"\" data-start=\"3125\" data-end=\"3323\">Notre site ne s\u2019adresse pas aux personnes de moins de 18 ans. Nous ne collectons pas intentionnellement de donn\u00e9es personnelles concernant des mineurs. Si vous pensez que nous avons recueilli des informations sur un mineur, veuillez nous contacter pour les supprimer.<\/p>\n<hr class=\"\" data-start=\"3325\" data-end=\"3328\" \/>\n<h3 class=\"\" data-start=\"3330\" data-end=\"3364\">8. <strong data-start=\"3337\" data-end=\"3364\">Modifications de cette politique<\/strong><\/h3>\n<p class=\"\" data-start=\"3366\" data-end=\"3513\">Nous pouvons mettre \u00e0 jour cette Politique de confidentialit\u00e9 de temps \u00e0 autre. La date de la derni\u00e8re mise \u00e0 jour sera indiqu\u00e9e en haut du document.<\/p>\n<hr class=\"\" data-start=\"3515\" data-end=\"3518\" \/>\n<h3 class=\"\" data-start=\"3520\" data-end=\"3539\">9. <strong data-start=\"3527\" data-end=\"3539\">Contacto<\/strong><\/h3>\n<p class=\"\" data-start=\"3541\" data-end=\"3617\">Si vous avez des questions concernant cette Politique de confidentialit\u00e9, vous pouvez nous \u00e9crire \u00e0 :<\/p>\n<p class=\"\" data-start=\"3619\" data-end=\"3738\">\ud83d\udce7 support@molicie.com<br data-start=\"3660\" data-end=\"3663\" \/>\ud83c\udf10 <strong data-start=\"3666\" data-end=\"3736\"><a class=\"\" href=\"https:\/\/molicie.co\/fr\/\" target=\"_new\" rel=\"noopener\" data-start=\"3668\" data-end=\"3734\">https:\/\/molicie.co<\/a><\/strong><\/p><\/div>\n\t\t\t\t<\/div>\n\t\t\t\t\t<\/div>\n\t\t\t\t<\/div>\t\t<\/div>","protected":false},"excerpt":{"rendered":"<p>\ud83d\udcc4 Pol\u00edtica de Privacidad \u2013 MOLICI\u00c9 En MOLICI\u00c9 nos tomamos muy en serio tu privacidad. Esta Pol\u00edtica de Privacidad describe<\/p>","protected":false},"author":1,"featured_media":0,"parent":0,"menu_order":0,"comment_status":"closed","ping_status":"closed","template":"","meta":{"_joinchat":[],"footnotes":""},"class_list":["post-12","page","type-page","status-publish","hentry"],"_links":{"self":[{"href":"https:\/\/molicie.co\/fr\/wp-json\/wp\/v2\/pages\/12","targetHints":{"allow":["GET"]}}],"collection":[{"href":"https:\/\/molicie.co\/fr\/wp-json\/wp\/v2\/pages"}],"about":[{"href":"https:\/\/molicie.co\/fr\/wp-json\/wp\/v2\/types\/page"}],"author":[{"embeddable":true,"href":"https:\/\/molicie.co\/fr\/wp-json\/wp\/v2\/users\/1"}],"replies":[{"embeddable":true,"href":"https:\/\/molicie.co\/fr\/wp-json\/wp\/v2\/comments?post=12"}],"version-history":[{"count":4,"href":"https:\/\/molicie.co\/fr\/wp-json\/wp\/v2\/pages\/12\/revisions"}],"predecessor-version":[{"id":27249,"href":"https:\/\/molicie.co\/fr\/wp-json\/wp\/v2\/pages\/12\/revisions\/27249"}],"wp:attachment":[{"href":"https:\/\/molicie.co\/fr\/wp-json\/wp\/v2\/media?parent=12"}],"curies":[{"name":"wp","href":"https:\/\/api.w.org\/{rel}","templated":true}]}}