{"id":27907,"date":"2026-02-01T19:53:38","date_gmt":"2026-02-02T00:53:38","guid":{"rendered":"https:\/\/molicie.co\/?page_id=27907"},"modified":"2026-02-02T10:04:54","modified_gmt":"2026-02-02T15:04:54","slug":"test","status":"publish","type":"page","link":"https:\/\/molicie.co\/fr\/test\/","title":{"rendered":"Test"},"content":{"rendered":"<div data-elementor-type=\"wp-page\" data-elementor-id=\"27907\" class=\"elementor elementor-27907\" data-elementor-post-type=\"page\">\n\t\t\t\t<div data-particle_enable=\"false\" data-particle-mobile-disabled=\"false\" class=\"elementor-element elementor-element-7c7c544 e-con-full e-flex e-con e-parent\" data-id=\"7c7c544\" data-element_type=\"container\">\n\t\t<div data-particle_enable=\"false\" data-particle-mobile-disabled=\"false\" class=\"elementor-element elementor-element-e7cb5cd e-con-full e-flex e-con e-child\" data-id=\"e7cb5cd\" data-element_type=\"container\" data-settings=\"{&quot;background_background&quot;:&quot;classic&quot;}\">\n\t\t\t\t<div class=\"elementor-element elementor-element-b8c26be elementor-widget elementor-widget-image\" data-id=\"b8c26be\" data-element_type=\"widget\" data-widget_type=\"image.default\">\n\t\t\t\t<div class=\"elementor-widget-container\">\n\t\t\t\t\t\t\t\t\t\t\t\t\t\t\t<img fetchpriority=\"high\" decoding=\"async\" width=\"284\" height=\"233\" src=\"https:\/\/molicie.co\/wp-content\/uploads\/2026\/02\/ICOMOLICIE-removebg-preview-e1769993756799.png\" class=\"attachment-full size-full wp-image-27910\" alt=\"\" \/>\t\t\t\t\t\t\t\t\t\t\t\t\t\t\t<\/div>\n\t\t\t\t<\/div>\n\t\t\t\t<div class=\"elementor-element elementor-element-51b38ad elementor-widget-divider--view-line elementor-widget elementor-widget-divider\" data-id=\"51b38ad\" data-element_type=\"widget\" data-widget_type=\"divider.default\">\n\t\t\t\t<div class=\"elementor-widget-container\">\n\t\t\t\t\t\t\t<div class=\"elementor-divider\">\n\t\t\t<span class=\"elementor-divider-separator\">\n\t\t\t\t\t\t<\/span>\n\t\t<\/div>\n\t\t\t\t\t\t<\/div>\n\t\t\t\t<\/div>\n\t\t\t\t<div class=\"elementor-element elementor-element-3299784 elementor-widget elementor-widget-heading\" data-id=\"3299784\" data-element_type=\"widget\" data-widget_type=\"heading.default\">\n\t\t\t\t<div class=\"elementor-widget-container\">\n\t\t\t\t\t<h2 class=\"elementor-heading-title elementor-size-default\">Por fin consigue el sue\u00f1o que te mereces.\n<\/h2>\t\t\t\t<\/div>\n\t\t\t\t<\/div>\n\t\t\t\t<div class=\"elementor-element elementor-element-2baf3b2 elementor-widget__width-initial color-scheme-inherit text-left elementor-widget elementor-widget-text-editor\" data-id=\"2baf3b2\" data-element_type=\"widget\" data-widget_type=\"text-editor.default\">\n\t\t\t\t<div class=\"elementor-widget-container\">\n\t\t\t\t\t\t\t\t\t<p>Esta prueba r\u00e1pida nos ayudar\u00e1 a seleccionar la almohada que mejor se adapta a tu forma corporal y h\u00e1bitos.<\/p>\t\t\t\t\t\t\t\t<\/div>\n\t\t\t\t<\/div>\n\t\t\t\t<div class=\"elementor-element elementor-element-ad65043 elementor-align-center elementor-widget elementor-widget-button\" data-id=\"ad65043\" data-element_type=\"widget\" data-widget_type=\"button.default\">\n\t\t\t\t<div class=\"elementor-widget-container\">\n\t\t\t\t\t\t\t\t\t<div class=\"elementor-button-wrapper\">\n\t\t\t\t\t<a class=\"elementor-button elementor-button-link elementor-size-sm\" href=\"https:\/\/molicie.co\/fr\/iniciar-test\/\">\n\t\t\t\t\t\t<span class=\"elementor-button-content-wrapper\">\n\t\t\t\t\t\t\t\t\t<span class=\"elementor-button-text\">Iniciar TEST<\/span>\n\t\t\t\t\t<\/span>\n\t\t\t\t\t<\/a>\n\t\t\t\t<\/div>\n\t\t\t\t\t\t\t\t<\/div>\n\t\t\t\t<\/div>\n\t\t\t\t<\/div>\n\t\t\t\t<\/div>\n\t\t\t\t<\/div>","protected":false},"excerpt":{"rendered":"<p>Por fin consigue el sue\u00f1o que te mereces. Esta prueba r\u00e1pida nos ayudar\u00e1 a seleccionar la almohada que mejor se<\/p>","protected":false},"author":1,"featured_media":0,"parent":0,"menu_order":0,"comment_status":"closed","ping_status":"closed","template":"","meta":{"_joinchat":[],"footnotes":""},"class_list":["post-27907","page","type-page","status-publish","hentry"],"_links":{"self":[{"href":"https:\/\/molicie.co\/fr\/wp-json\/wp\/v2\/pages\/27907","targetHints":{"allow":["GET"]}}],"collection":[{"href":"https:\/\/molicie.co\/fr\/wp-json\/wp\/v2\/pages"}],"about":[{"href":"https:\/\/molicie.co\/fr\/wp-json\/wp\/v2\/types\/page"}],"author":[{"embeddable":true,"href":"https:\/\/molicie.co\/fr\/wp-json\/wp\/v2\/users\/1"}],"replies":[{"embeddable":true,"href":"https:\/\/molicie.co\/fr\/wp-json\/wp\/v2\/comments?post=27907"}],"version-history":[{"count":41,"href":"https:\/\/molicie.co\/fr\/wp-json\/wp\/v2\/pages\/27907\/revisions"}],"predecessor-version":[{"id":27985,"href":"https:\/\/molicie.co\/fr\/wp-json\/wp\/v2\/pages\/27907\/revisions\/27985"}],"wp:attachment":[{"href":"https:\/\/molicie.co\/fr\/wp-json\/wp\/v2\/media?parent=27907"}],"curies":[{"name":"wp","href":"https:\/\/api.w.org\/{rel}","templated":true}]}}