{"id":27085,"date":"2025-05-12T21:08:08","date_gmt":"2025-05-12T21:08:08","guid":{"rendered":"https:\/\/molicie.co\/producto\/almohada-de-espuma-viscoelastica-con-forma-de-mariposa\/"},"modified":"2026-03-06T19:47:19","modified_gmt":"2026-03-07T00:47:19","slug":"aile-de-reve","status":"publish","type":"product","link":"https:\/\/molicie.co\/fr\/produit\/aile-de-reve\/","title":{"rendered":"AILE DE REVE"},"content":{"rendered":"","protected":false},"excerpt":{"rendered":"<div class=\"page\" title=\"Page 7\">\n<div class=\"section\">\n<div class=\"layoutArea\">\n<div class=\"column\">\n<ul>\n<li><span data-sheets-root=\"1\">AILE DE R\u00caVE es una almohada ergon\u00f3mica tipo mariposa dise\u00f1ada para acompa\u00f1ar la postura natural del cuerpo durante el descanso, acunando la cabeza y brindando soporte equilibrado a cuello y hombros. Sus zonas diferenciadas y alturas espec\u00edficas facilitan una adaptaci\u00f3n c\u00f3moda tanto para dormir boca arriba como de lado, ayudando a mantener una alineaci\u00f3n m\u00e1s estable. Su espuma viscoel\u00e1stica con memoria de forma ofrece un confort molicie con soporte firme, reduciendo puntos de presi\u00f3n para un descanso m\u00e1s continuo.<br \/>\nMedidas: 60\u00d737\u00d713 cm <\/span><\/li>\n<\/ul>\n<\/div>\n<\/div>\n<\/div>\n<\/div>\n<div id=\"simple-translate\" class=\"simple-translate-system-theme\">\n<div>\n<div class=\"simple-translate-button isShow\" style=\"background-image: url('chrome-extension:\/\/cllnohpbfenopiakdcjmjcbaeapmkcdl\/icons\/512.png'); height: 22px; width: 22px; top: 216px; left: 673px;\"><\/div>\n<div class=\"simple-translate-panel\" style=\"width: 300px; height: 200px; top: 0px; left: 0px; font-size: 13px;\">\n<div class=\"simple-translate-result-wrapper\" style=\"overflow: hidden;\">\n<div class=\"simple-translate-move\" draggable=\"true\"><\/div>\n<div class=\"simple-translate-result-contents\">\n<p class=\"simple-translate-result\" dir=\"auto\">\n<p class=\"simple-translate-candidate\" dir=\"auto\">\n<\/div>\n<\/div>\n<\/div>\n<\/div>\n<\/div>","protected":false},"featured_media":28002,"template":"","meta":{"_joinchat":[]},"product_brand":[],"product_cat":[28],"product_tag":[],"class_list":{"0":"post-27085","1":"product","2":"type-product","3":"status-publish","4":"has-post-thumbnail","6":"product_cat-almohadas","8":"first","9":"instock","10":"shipping-taxable","11":"purchasable","12":"product-type-simple"},"_links":{"self":[{"href":"https:\/\/molicie.co\/fr\/wp-json\/wp\/v2\/product\/27085","targetHints":{"allow":["GET"]}}],"collection":[{"href":"https:\/\/molicie.co\/fr\/wp-json\/wp\/v2\/product"}],"about":[{"href":"https:\/\/molicie.co\/fr\/wp-json\/wp\/v2\/types\/product"}],"version-history":[{"count":18,"href":"https:\/\/molicie.co\/fr\/wp-json\/wp\/v2\/product\/27085\/revisions"}],"predecessor-version":[{"id":28168,"href":"https:\/\/molicie.co\/fr\/wp-json\/wp\/v2\/product\/27085\/revisions\/28168"}],"wp:featuredmedia":[{"embeddable":true,"href":"https:\/\/molicie.co\/fr\/wp-json\/wp\/v2\/media\/28002"}],"wp:attachment":[{"href":"https:\/\/molicie.co\/fr\/wp-json\/wp\/v2\/media?parent=27085"}],"wp:term":[{"taxonomy":"product_brand","embeddable":true,"href":"https:\/\/molicie.co\/fr\/wp-json\/wp\/v2\/product_brand?post=27085"},{"taxonomy":"product_cat","embeddable":true,"href":"https:\/\/molicie.co\/fr\/wp-json\/wp\/v2\/product_cat?post=27085"},{"taxonomy":"product_tag","embeddable":true,"href":"https:\/\/molicie.co\/fr\/wp-json\/wp\/v2\/product_tag?post=27085"}],"curies":[{"name":"wp","href":"https:\/\/api.w.org\/{rel}","templated":true}]}}