{"id":27087,"date":"2025-05-12T21:08:08","date_gmt":"2025-05-12T21:08:08","guid":{"rendered":"https:\/\/molicie.co\/producto\/almohada-de-gel-con-forma-de-mariposa\/"},"modified":"2026-03-06T19:44:29","modified_gmt":"2026-03-07T00:44:29","slug":"ailes","status":"publish","type":"product","link":"https:\/\/molicie.co\/fr\/produit\/ailes\/","title":{"rendered":"AILES"},"content":{"rendered":"","protected":false},"excerpt":{"rendered":"<div class=\"page\" title=\"Page 9\">\n<div class=\"section\">\n<div class=\"layoutArea\">\n<div class=\"column\">\n<ul>\n<li><span data-sheets-root=\"1\">AILES es una almohada de gel con dise\u00f1o tipo mariposa, pensada para darte un descanso c\u00f3modo y estable gracias a su forma estilizada y ergon\u00f3mica que se adapta de manera natural a cabeza, cuello y hombros. Ofrece confort absoluto y frescura inteligente, con un efecto fr\u00edo inmediato (hasta \u20132\u00b0C), ideal si sueles sentir calor o sudar en la noche.<br \/>\nMedidas: 57\u00d734\u00d710,5\/6,5 cm<br \/>\n<\/span><\/li>\n<\/ul>\n<p><span data-sheets-root=\"1\">Confort absoluto<br \/>\nDuerme fresco, incluso en noches<br \/>\ncalurosas. Ideal para quienes sudan.<\/p>\n<p>Frescura inteligente<br \/>\nofrece una sensaci\u00f3n envolvente que<br \/>\nse adapta perfectamente<\/p>\n<p>Efecto frio inmediato<br \/>\n\u20132 \u00b0C de frescura al instante<\/span><\/p>\n<\/div>\n<\/div>\n<\/div>\n<\/div>","protected":false},"featured_media":27991,"template":"","meta":{"_joinchat":[]},"product_brand":[],"product_cat":[28],"product_tag":[],"class_list":{"0":"post-27087","1":"product","2":"type-product","3":"status-publish","4":"has-post-thumbnail","6":"product_cat-almohadas","8":"first","9":"instock","10":"shipping-taxable","11":"purchasable","12":"product-type-simple"},"_links":{"self":[{"href":"https:\/\/molicie.co\/fr\/wp-json\/wp\/v2\/product\/27087","targetHints":{"allow":["GET"]}}],"collection":[{"href":"https:\/\/molicie.co\/fr\/wp-json\/wp\/v2\/product"}],"about":[{"href":"https:\/\/molicie.co\/fr\/wp-json\/wp\/v2\/types\/product"}],"version-history":[{"count":10,"href":"https:\/\/molicie.co\/fr\/wp-json\/wp\/v2\/product\/27087\/revisions"}],"predecessor-version":[{"id":28163,"href":"https:\/\/molicie.co\/fr\/wp-json\/wp\/v2\/product\/27087\/revisions\/28163"}],"wp:featuredmedia":[{"embeddable":true,"href":"https:\/\/molicie.co\/fr\/wp-json\/wp\/v2\/media\/27991"}],"wp:attachment":[{"href":"https:\/\/molicie.co\/fr\/wp-json\/wp\/v2\/media?parent=27087"}],"wp:term":[{"taxonomy":"product_brand","embeddable":true,"href":"https:\/\/molicie.co\/fr\/wp-json\/wp\/v2\/product_brand?post=27087"},{"taxonomy":"product_cat","embeddable":true,"href":"https:\/\/molicie.co\/fr\/wp-json\/wp\/v2\/product_cat?post=27087"},{"taxonomy":"product_tag","embeddable":true,"href":"https:\/\/molicie.co\/fr\/wp-json\/wp\/v2\/product_tag?post=27087"}],"curies":[{"name":"wp","href":"https:\/\/api.w.org\/{rel}","templated":true}]}}