{"id":27088,"date":"2025-05-12T21:08:08","date_gmt":"2025-05-12T21:08:08","guid":{"rendered":"https:\/\/molicie.co\/producto\/almohada-de-gel-refrescante-de-alta-gama\/"},"modified":"2026-03-06T19:33:18","modified_gmt":"2026-03-07T00:33:18","slug":"brezza","status":"publish","type":"product","link":"https:\/\/molicie.co\/fr\/produit\/brezza\/","title":{"rendered":"BREZZA"},"content":{"rendered":"","protected":false},"excerpt":{"rendered":"<div class=\"page\" title=\"Page 10\">\n<div class=\"section\">\n<div class=\"layoutArea\">\n<div class=\"column\">\n<h5><strong>BREEZA <\/strong><\/h5>\n<p><span data-sheets-root=\"1\">BREEZA es una almohada de gel refrescante de alta gama, dise\u00f1ada para darte frescura inmediata y un soporte que se nota desde la primera noche. Su tecnolog\u00eda ofrece un efecto fr\u00edo al instante (hasta \u20132\u00b0C) y una sensaci\u00f3n envolvente que se adapta a tu descanso, ideal si sueles sentir calor o sudar al dormir.<br \/>\nMedidas: 60\u00d740\u00d712 cm<\/p>\n<p>Confort absoluto<br \/>\nDuerme fresco, incluso en noches<br \/>\ncalurosas.<\/p>\n<p>Frescura inteligente<br \/>\nConfort absoluto<br \/>\nDuerme fresco, incluso en noches<br \/>\ncalurosas. Ideal para quienes sudan.<\/p>\n<p>Efecto frio inmediato<br \/>\n\u20132 \u00b0C de frescura al instante<\/p>\n<p><\/span><\/p>\n<\/div>\n<\/div>\n<\/div>\n<\/div>","protected":false},"featured_media":27998,"template":"","meta":{"_joinchat":[]},"product_brand":[],"product_cat":[28],"product_tag":[],"class_list":{"0":"post-27088","1":"product","2":"type-product","3":"status-publish","4":"has-post-thumbnail","6":"product_cat-almohadas","8":"first","9":"instock","10":"shipping-taxable","11":"purchasable","12":"product-type-simple"},"_links":{"self":[{"href":"https:\/\/molicie.co\/fr\/wp-json\/wp\/v2\/product\/27088","targetHints":{"allow":["GET"]}}],"collection":[{"href":"https:\/\/molicie.co\/fr\/wp-json\/wp\/v2\/product"}],"about":[{"href":"https:\/\/molicie.co\/fr\/wp-json\/wp\/v2\/types\/product"}],"version-history":[{"count":13,"href":"https:\/\/molicie.co\/fr\/wp-json\/wp\/v2\/product\/27088\/revisions"}],"predecessor-version":[{"id":28161,"href":"https:\/\/molicie.co\/fr\/wp-json\/wp\/v2\/product\/27088\/revisions\/28161"}],"wp:featuredmedia":[{"embeddable":true,"href":"https:\/\/molicie.co\/fr\/wp-json\/wp\/v2\/media\/27998"}],"wp:attachment":[{"href":"https:\/\/molicie.co\/fr\/wp-json\/wp\/v2\/media?parent=27088"}],"wp:term":[{"taxonomy":"product_brand","embeddable":true,"href":"https:\/\/molicie.co\/fr\/wp-json\/wp\/v2\/product_brand?post=27088"},{"taxonomy":"product_cat","embeddable":true,"href":"https:\/\/molicie.co\/fr\/wp-json\/wp\/v2\/product_cat?post=27088"},{"taxonomy":"product_tag","embeddable":true,"href":"https:\/\/molicie.co\/fr\/wp-json\/wp\/v2\/product_tag?post=27088"}],"curies":[{"name":"wp","href":"https:\/\/api.w.org\/{rel}","templated":true}]}}