{"id":27090,"date":"2025-05-12T21:08:08","date_gmt":"2025-05-12T21:08:08","guid":{"rendered":"https:\/\/molicie.co\/producto\/almohada-3d\/"},"modified":"2026-03-06T19:45:34","modified_gmt":"2026-03-07T00:45:34","slug":"mare","status":"publish","type":"product","link":"https:\/\/molicie.co\/fr\/produit\/mare\/","title":{"rendered":"MARE"},"content":{"rendered":"","protected":false},"excerpt":{"rendered":"<div class=\"page\" title=\"Page 12\">\n<div class=\"section\">\n<div class=\"layoutArea\">\n<div class=\"column\">\n<ul>\n<li><span data-sheets-root=\"1\">MARE Esta almohada de gel 3D combina tecnolog\u00eda 3D, espuma viscoel\u00e1stica y gel refrescante para brindar un descanso c\u00f3modo y bien equilibrado, adapt\u00e1ndose mejor a la forma de la cabeza y el cuello. Ofrece soporte cervical y una sensaci\u00f3n envolvente, con efecto fr\u00edo inmediato (hasta \u20132\u00b0C) para dormir m\u00e1s fresco, incluso en noches calurosas.<br \/>\nMedidas: 60,5\u00d735\u00d713\/11 cm<\/p>\n<p>Efecto frio inmediato<br \/>\n\u20132 \u00b0C de frescura al instante<\/p>\n<p>Soporte cervical<br \/>\nEquilibrio perfecto para tu descanso<\/p>\n<p>Confort absoluto<br \/>\nofrece una sensaci\u00f3n envolvente que<br \/>\nse adapta perfectamente<br \/>\n<\/span><\/li>\n<\/ul>\n<\/div>\n<\/div>\n<\/div>\n<\/div>","protected":false},"featured_media":28055,"template":"","meta":{"_joinchat":[]},"product_brand":[],"product_cat":[28],"product_tag":[],"class_list":{"0":"post-27090","1":"product","2":"type-product","3":"status-publish","4":"has-post-thumbnail","6":"product_cat-almohadas","8":"first","9":"instock","10":"shipping-taxable","11":"purchasable","12":"product-type-simple"},"_links":{"self":[{"href":"https:\/\/molicie.co\/fr\/wp-json\/wp\/v2\/product\/27090","targetHints":{"allow":["GET"]}}],"collection":[{"href":"https:\/\/molicie.co\/fr\/wp-json\/wp\/v2\/product"}],"about":[{"href":"https:\/\/molicie.co\/fr\/wp-json\/wp\/v2\/types\/product"}],"version-history":[{"count":9,"href":"https:\/\/molicie.co\/fr\/wp-json\/wp\/v2\/product\/27090\/revisions"}],"predecessor-version":[{"id":28164,"href":"https:\/\/molicie.co\/fr\/wp-json\/wp\/v2\/product\/27090\/revisions\/28164"}],"wp:featuredmedia":[{"embeddable":true,"href":"https:\/\/molicie.co\/fr\/wp-json\/wp\/v2\/media\/28055"}],"wp:attachment":[{"href":"https:\/\/molicie.co\/fr\/wp-json\/wp\/v2\/media?parent=27090"}],"wp:term":[{"taxonomy":"product_brand","embeddable":true,"href":"https:\/\/molicie.co\/fr\/wp-json\/wp\/v2\/product_brand?post=27090"},{"taxonomy":"product_cat","embeddable":true,"href":"https:\/\/molicie.co\/fr\/wp-json\/wp\/v2\/product_cat?post=27090"},{"taxonomy":"product_tag","embeddable":true,"href":"https:\/\/molicie.co\/fr\/wp-json\/wp\/v2\/product_tag?post=27090"}],"curies":[{"name":"wp","href":"https:\/\/api.w.org\/{rel}","templated":true}]}}