{"id":27091,"date":"2025-05-12T21:08:08","date_gmt":"2025-05-12T21:08:08","guid":{"rendered":"https:\/\/molicie.co\/producto\/almohada-de-gel-tradicional\/"},"modified":"2026-03-06T19:47:00","modified_gmt":"2026-03-07T00:47:00","slug":"tencel-lux","status":"publish","type":"product","link":"https:\/\/molicie.co\/fr\/produit\/tencel-lux\/","title":{"rendered":"TENCEL LUX"},"content":{"rendered":"","protected":false},"excerpt":{"rendered":"<div class=\"page\" title=\"Page 13\">\n<div class=\"section\">\n<div class=\"layoutArea\">\n<div class=\"column\">\n<p><span data-sheets-root=\"1\">TENCEL LUZ es una almohada de espuma viscoel\u00e1stica con funda TencelLux, ideal si buscas un dise\u00f1o limpio, funcional y c\u00f3modo. Su forma tradicional tipo \u201cpan\u201d brinda soporte uniforme para ayudar a reducir la presi\u00f3n en cabeza y cuello, logrando un descanso m\u00e1s estable. La espuma con memoria de forma se adapta suavemente sin rigidez, mientras la funda en Tencel es transpirable, suave y altamente absorbente de humedad, entregando una frescura natural durante toda la noche.<br \/>\nMedidas: 66\u00d737\u00d713 cm<\/span><\/p>\n<\/div>\n<\/div>\n<\/div>\n<\/div>\n<div id=\"simple-translate\" class=\"simple-translate-system-theme\">\n<div>\n<div class=\"simple-translate-button isShow\" style=\"background-image: url('chrome-extension:\/\/cllnohpbfenopiakdcjmjcbaeapmkcdl\/icons\/512.png'); height: 22px; width: 22px; top: 283px; left: 1143px;\"><\/div>\n<div class=\"simple-translate-panel\" style=\"width: 300px; height: 200px; top: 0px; left: 0px; font-size: 13px;\">\n<div class=\"simple-translate-result-wrapper\" style=\"overflow: hidden;\">\n<div class=\"simple-translate-move\" draggable=\"true\"><\/div>\n<div class=\"simple-translate-result-contents\">\n<p class=\"simple-translate-result\" dir=\"auto\">\n<p class=\"simple-translate-candidate\" dir=\"auto\">\n<\/div>\n<\/div>\n<\/div>\n<\/div>\n<\/div>","protected":false},"featured_media":27989,"template":"","meta":{"_joinchat":[]},"product_brand":[],"product_cat":[28],"product_tag":[],"class_list":{"0":"post-27091","1":"product","2":"type-product","3":"status-publish","4":"has-post-thumbnail","6":"product_cat-almohadas","8":"first","9":"instock","10":"shipping-taxable","11":"purchasable","12":"product-type-simple"},"_links":{"self":[{"href":"https:\/\/molicie.co\/fr\/wp-json\/wp\/v2\/product\/27091","targetHints":{"allow":["GET"]}}],"collection":[{"href":"https:\/\/molicie.co\/fr\/wp-json\/wp\/v2\/product"}],"about":[{"href":"https:\/\/molicie.co\/fr\/wp-json\/wp\/v2\/types\/product"}],"version-history":[{"count":8,"href":"https:\/\/molicie.co\/fr\/wp-json\/wp\/v2\/product\/27091\/revisions"}],"predecessor-version":[{"id":28167,"href":"https:\/\/molicie.co\/fr\/wp-json\/wp\/v2\/product\/27091\/revisions\/28167"}],"wp:featuredmedia":[{"embeddable":true,"href":"https:\/\/molicie.co\/fr\/wp-json\/wp\/v2\/media\/27989"}],"wp:attachment":[{"href":"https:\/\/molicie.co\/fr\/wp-json\/wp\/v2\/media?parent=27091"}],"wp:term":[{"taxonomy":"product_brand","embeddable":true,"href":"https:\/\/molicie.co\/fr\/wp-json\/wp\/v2\/product_brand?post=27091"},{"taxonomy":"product_cat","embeddable":true,"href":"https:\/\/molicie.co\/fr\/wp-json\/wp\/v2\/product_cat?post=27091"},{"taxonomy":"product_tag","embeddable":true,"href":"https:\/\/molicie.co\/fr\/wp-json\/wp\/v2\/product_tag?post=27091"}],"curies":[{"name":"wp","href":"https:\/\/api.w.org\/{rel}","templated":true}]}}