{"id":27092,"date":"2025-05-12T21:08:08","date_gmt":"2025-05-12T21:08:08","guid":{"rendered":"https:\/\/molicie.co\/producto\/almohada-de-espuma-viscoelastica-con-forma-tradicional\/"},"modified":"2026-03-06T19:46:19","modified_gmt":"2026-03-07T00:46:19","slug":"tencel-ecos","status":"publish","type":"product","link":"https:\/\/molicie.co\/fr\/produit\/tencel-ecos\/","title":{"rendered":"TENCEL ECOS"},"content":{"rendered":"","protected":false},"excerpt":{"rendered":"<div class=\"page\" title=\"Page 14\">\n<div class=\"section\">\n<div class=\"layoutArea\">\n<div class=\"column\">\n<ul>\n<li><span data-sheets-root=\"1\">TENCEL ECOS es una almohada 3D suave con Tencel, pensada para un descanso molicie, estable y bien soportado, con materiales que aportan confort diario y cuidado de la piel. Combina espuma viscoel\u00e1stica de alta densidad con dise\u00f1o 3D de mejor envolvimiento para distribuir el peso de forma uniforme y reducir la presi\u00f3n en cabeza y cuello, logrando soporte c\u00f3modo sin rigidez. Adem\u00e1s, incorpora tecnolog\u00eda de resortes para un soporte din\u00e1mico y duradero con excelente ventilaci\u00f3n, y memoria de forma para un equilibrio perfecto al dormir.<br \/>\nMedidas: 60,5\u00d735\u00d711\/9 cm <\/span><\/li>\n<\/ul>\n<\/div>\n<\/div>\n<\/div>\n<\/div>\n<div id=\"simple-translate\" class=\"simple-translate-system-theme\">\n<div>\n<div class=\"simple-translate-button isShow\" style=\"background-image: url('chrome-extension:\/\/cllnohpbfenopiakdcjmjcbaeapmkcdl\/icons\/512.png'); height: 22px; width: 22px; top: -16px; left: 0px;\"><\/div>\n<div class=\"simple-translate-panel\" style=\"width: 300px; height: 200px; top: 0px; left: 0px; font-size: 13px;\">\n<div class=\"simple-translate-result-wrapper\" style=\"overflow: hidden;\">\n<div class=\"simple-translate-move\" draggable=\"true\"><\/div>\n<div class=\"simple-translate-result-contents\">\n<p class=\"simple-translate-result\" dir=\"auto\">\n<p class=\"simple-translate-candidate\" dir=\"auto\">\n<\/div>\n<\/div>\n<\/div>\n<\/div>\n<\/div>","protected":false},"featured_media":27994,"template":"","meta":{"_joinchat":[]},"product_brand":[],"product_cat":[28],"product_tag":[],"class_list":{"0":"post-27092","1":"product","2":"type-product","3":"status-publish","4":"has-post-thumbnail","6":"product_cat-almohadas","8":"first","9":"instock","10":"shipping-taxable","11":"purchasable","12":"product-type-simple"},"_links":{"self":[{"href":"https:\/\/molicie.co\/fr\/wp-json\/wp\/v2\/product\/27092","targetHints":{"allow":["GET"]}}],"collection":[{"href":"https:\/\/molicie.co\/fr\/wp-json\/wp\/v2\/product"}],"about":[{"href":"https:\/\/molicie.co\/fr\/wp-json\/wp\/v2\/types\/product"}],"version-history":[{"count":9,"href":"https:\/\/molicie.co\/fr\/wp-json\/wp\/v2\/product\/27092\/revisions"}],"predecessor-version":[{"id":28166,"href":"https:\/\/molicie.co\/fr\/wp-json\/wp\/v2\/product\/27092\/revisions\/28166"}],"wp:featuredmedia":[{"embeddable":true,"href":"https:\/\/molicie.co\/fr\/wp-json\/wp\/v2\/media\/27994"}],"wp:attachment":[{"href":"https:\/\/molicie.co\/fr\/wp-json\/wp\/v2\/media?parent=27092"}],"wp:term":[{"taxonomy":"product_brand","embeddable":true,"href":"https:\/\/molicie.co\/fr\/wp-json\/wp\/v2\/product_brand?post=27092"},{"taxonomy":"product_cat","embeddable":true,"href":"https:\/\/molicie.co\/fr\/wp-json\/wp\/v2\/product_cat?post=27092"},{"taxonomy":"product_tag","embeddable":true,"href":"https:\/\/molicie.co\/fr\/wp-json\/wp\/v2\/product_tag?post=27092"}],"curies":[{"name":"wp","href":"https:\/\/api.w.org\/{rel}","templated":true}]}}