{"id":27094,"date":"2025-05-12T21:08:08","date_gmt":"2025-05-12T21:08:08","guid":{"rendered":"https:\/\/molicie.co\/producto\/respaldo-lumbar\/"},"modified":"2026-02-11T16:00:57","modified_gmt":"2026-02-11T21:00:57","slug":"soporte-lumbar-air-500","status":"publish","type":"product","link":"https:\/\/molicie.co\/fr\/produit\/soporte-lumbar-air-500\/","title":{"rendered":"Soporte lumbar Air 500"},"content":{"rendered":"","protected":false},"excerpt":{"rendered":"<p><span data-sheets-root=\"1\">Soporte Lumbar \u2013 Espaldar Memory<\/span><\/p>\n<p>Este soporte lumbar est\u00e1 dise\u00f1ado para brindar apoyo ergon\u00f3mico a la zona baja de la espalda, ayudando a mantener la curvatura natural de la columna durante per\u00edodos prolongados de uso.<\/p>\n<p>Su dise\u00f1o en forma de U permite una mejor adaptaci\u00f3n a la anatom\u00eda lumbar, ofreciendo soporte espec\u00edfico donde m\u00e1s se necesita. Est\u00e1 fabricado con espuma viscoel\u00e1stica que distribuye la presi\u00f3n de manera uniforme, ayudando a reducir la tensi\u00f3n y la incomodidad asociadas a largas jornadas sentado.<\/p>\n<p>Cuenta con una funda removible y lavable, confeccionada en tela transpirable, lo que facilita la higiene y el uso diario. Es ideal para utilizar en sillas de oficina, autom\u00f3vil o en casa.<\/p>\n<p>Beneficios principales<br \/>\n\u2022 Soporte ergon\u00f3mico para la zona lumbar<br \/>\n\u2022 Dise\u00f1o en forma de U para mejor adaptaci\u00f3n<br \/>\n\u2022 Espuma viscoel\u00e1stica que reduce la presi\u00f3n<br \/>\n\u2022 Ayuda a mantener una postura m\u00e1s c\u00f3moda<br \/>\n\u2022 Funda removible, lavable y transpirable<\/p>\n<p>\ud83d\udcd0 Medidas: 35 \u00d7 33 \u00d7 11 \/ 5 cm<br \/>\n\ud83d\udc8e Categor\u00eda: Medical<\/p>\n<p>Este espaldar memory es una opci\u00f3n pr\u00e1ctica para quienes buscan mejorar su postura y comodidad al estar sentados por largos periodos.<\/p>\n<div id=\"simple-translate\" class=\"simple-translate-system-theme\">\n<div>\n<div class=\"simple-translate-button isShow\" style=\"background-image: url('chrome-extension:\/\/cllnohpbfenopiakdcjmjcbaeapmkcdl\/icons\/512.png'); height: 22px; width: 22px; top: 165px; left: 265px;\"><\/div>\n<div class=\"simple-translate-panel\" style=\"width: 300px; height: 200px; top: 0px; left: 0px; font-size: 13px;\">\n<div class=\"simple-translate-result-wrapper\" style=\"overflow: hidden;\">\n<div class=\"simple-translate-move\" draggable=\"true\"><\/div>\n<div class=\"simple-translate-result-contents\">\n<p class=\"simple-translate-candidate\" dir=\"auto\">\n<\/div>\n<\/div>\n<\/div>\n<\/div>\n<\/div>","protected":false},"featured_media":28054,"template":"","meta":{"_joinchat":[]},"product_brand":[],"product_cat":[46],"product_tag":[],"class_list":{"0":"post-27094","1":"product","2":"type-product","3":"status-publish","4":"has-post-thumbnail","6":"product_cat-cojines","8":"first","9":"instock","10":"shipping-taxable","11":"purchasable","12":"product-type-simple"},"_links":{"self":[{"href":"https:\/\/molicie.co\/fr\/wp-json\/wp\/v2\/product\/27094","targetHints":{"allow":["GET"]}}],"collection":[{"href":"https:\/\/molicie.co\/fr\/wp-json\/wp\/v2\/product"}],"about":[{"href":"https:\/\/molicie.co\/fr\/wp-json\/wp\/v2\/types\/product"}],"version-history":[{"count":4,"href":"https:\/\/molicie.co\/fr\/wp-json\/wp\/v2\/product\/27094\/revisions"}],"predecessor-version":[{"id":27850,"href":"https:\/\/molicie.co\/fr\/wp-json\/wp\/v2\/product\/27094\/revisions\/27850"}],"wp:featuredmedia":[{"embeddable":true,"href":"https:\/\/molicie.co\/fr\/wp-json\/wp\/v2\/media\/28054"}],"wp:attachment":[{"href":"https:\/\/molicie.co\/fr\/wp-json\/wp\/v2\/media?parent=27094"}],"wp:term":[{"taxonomy":"product_brand","embeddable":true,"href":"https:\/\/molicie.co\/fr\/wp-json\/wp\/v2\/product_brand?post=27094"},{"taxonomy":"product_cat","embeddable":true,"href":"https:\/\/molicie.co\/fr\/wp-json\/wp\/v2\/product_cat?post=27094"},{"taxonomy":"product_tag","embeddable":true,"href":"https:\/\/molicie.co\/fr\/wp-json\/wp\/v2\/product_tag?post=27094"}],"curies":[{"name":"wp","href":"https:\/\/api.w.org\/{rel}","templated":true}]}}